{"id":1984,"date":"2018-10-19T04:00:41","date_gmt":"2018-10-19T02:00:41","guid":{"rendered":"https:\/\/www.mosslogistics.cz\/kariera\/stories-of-our-people\/"},"modified":"2023-02-16T12:11:09","modified_gmt":"2023-02-16T11:11:09","slug":"stories-of-our-people","status":"publish","type":"page","link":"https:\/\/www.mosslogistics.cz\/en\/career\/stories-of-our-people\/","title":{"rendered":"MOSS people stories"},"content":{"rendered":"","protected":false},"excerpt":{"rendered":"","protected":false},"author":1,"featured_media":0,"parent":1611,"menu_order":0,"comment_status":"closed","ping_status":"closed","template":"_career-stories.php","meta":{"_acf_changed":false,"footnotes":"","_links_to":"","_links_to_target":""},"class_list":["post-1984","page","type-page","status-publish","hentry"],"acf":[],"yoast_head":"<!-- This site is optimized with the Yoast SEO plugin v27.4 - https:\/\/yoast.com\/product\/yoast-seo-wordpress\/ -->\n<title>MOSS people stories - MOSS logistics<\/title>\n<meta name=\"robots\" content=\"index, follow, max-snippet:-1, max-image-preview:large, max-video-preview:-1\" \/>\n<link rel=\"canonical\" href=\"https:\/\/www.mosslogistics.cz\/en\/career\/stories-of-our-people\/\" \/>\n<meta property=\"og:locale\" content=\"en_US\" \/>\n<meta property=\"og:type\" content=\"article\" \/>\n<meta property=\"og:title\" content=\"MOSS people stories - MOSS logistics\" \/>\n<meta property=\"og:url\" content=\"https:\/\/www.mosslogistics.cz\/en\/career\/stories-of-our-people\/\" \/>\n<meta property=\"og:site_name\" content=\"MOSS logistics\" \/>\n<meta property=\"article:publisher\" content=\"https:\/\/www.facebook.com\/mosslogistics\/\" \/>\n<meta property=\"article:modified_time\" content=\"2023-02-16T11:11:09+00:00\" \/>\n<meta property=\"og:image\" content=\"https:\/\/www.mosslogistics.cz\/wp-content\/uploads\/2022\/07\/dfmo_2106.jpg\" \/>\n\t<meta property=\"og:image:width\" content=\"1024\" \/>\n\t<meta property=\"og:image:height\" content=\"683\" \/>\n\t<meta property=\"og:image:type\" content=\"image\/jpeg\" \/>\n<meta name=\"twitter:card\" content=\"summary_large_image\" \/>\n<script type=\"application\/ld+json\" class=\"yoast-schema-graph\">{\"@context\":\"https:\\\/\\\/schema.org\",\"@graph\":[{\"@type\":\"WebPage\",\"@id\":\"https:\\\/\\\/www.mosslogistics.cz\\\/en\\\/career\\\/stories-of-our-people\\\/\",\"url\":\"https:\\\/\\\/www.mosslogistics.cz\\\/en\\\/career\\\/stories-of-our-people\\\/\",\"name\":\"MOSS people stories - MOSS logistics\",\"isPartOf\":{\"@id\":\"https:\\\/\\\/www.mosslogistics.cz\\\/#website\"},\"datePublished\":\"2018-10-19T02:00:41+00:00\",\"dateModified\":\"2023-02-16T11:11:09+00:00\",\"breadcrumb\":{\"@id\":\"https:\\\/\\\/www.mosslogistics.cz\\\/en\\\/career\\\/stories-of-our-people\\\/#breadcrumb\"},\"inLanguage\":\"en-US\",\"potentialAction\":[{\"@type\":\"ReadAction\",\"target\":[\"https:\\\/\\\/www.mosslogistics.cz\\\/en\\\/career\\\/stories-of-our-people\\\/\"]}]},{\"@type\":\"BreadcrumbList\",\"@id\":\"https:\\\/\\\/www.mosslogistics.cz\\\/en\\\/career\\\/stories-of-our-people\\\/#breadcrumb\",\"itemListElement\":[{\"@type\":\"ListItem\",\"position\":1,\"name\":\"Dom\u016f\",\"item\":\"https:\\\/\\\/www.mosslogistics.cz\\\/en\\\/\"},{\"@type\":\"ListItem\",\"position\":2,\"name\":\"Career\",\"item\":\"https:\\\/\\\/www.mosslogistics.cz\\\/en\\\/career\\\/\"},{\"@type\":\"ListItem\",\"position\":3,\"name\":\"MOSS people stories\"}]},{\"@type\":\"WebSite\",\"@id\":\"https:\\\/\\\/www.mosslogistics.cz\\\/#website\",\"url\":\"https:\\\/\\\/www.mosslogistics.cz\\\/\",\"name\":\"MOSS logistics\",\"description\":\"Mezin\u00e1rodn\u00ed kamionov\u00e1 doprava a skladov\u00e1n\u00ed\",\"publisher\":{\"@id\":\"https:\\\/\\\/www.mosslogistics.cz\\\/#organization\"},\"potentialAction\":[{\"@type\":\"SearchAction\",\"target\":{\"@type\":\"EntryPoint\",\"urlTemplate\":\"https:\\\/\\\/www.mosslogistics.cz\\\/?s={search_term_string}\"},\"query-input\":{\"@type\":\"PropertyValueSpecification\",\"valueRequired\":true,\"valueName\":\"search_term_string\"}}],\"inLanguage\":\"en-US\"},{\"@type\":\"Organization\",\"@id\":\"https:\\\/\\\/www.mosslogistics.cz\\\/#organization\",\"name\":\"MOSS logistics, s.r.o.\",\"url\":\"https:\\\/\\\/www.mosslogistics.cz\\\/\",\"logo\":{\"@type\":\"ImageObject\",\"inLanguage\":\"en-US\",\"@id\":\"https:\\\/\\\/www.mosslogistics.cz\\\/#\\\/schema\\\/logo\\\/image\\\/\",\"url\":\"https:\\\/\\\/www.mosslogistics.cz\\\/wp-content\\\/uploads\\\/2018\\\/10\\\/logistics.gif\",\"contentUrl\":\"https:\\\/\\\/www.mosslogistics.cz\\\/wp-content\\\/uploads\\\/2018\\\/10\\\/logistics.gif\",\"width\":174,\"height\":36,\"caption\":\"MOSS logistics, s.r.o.\"},\"image\":{\"@id\":\"https:\\\/\\\/www.mosslogistics.cz\\\/#\\\/schema\\\/logo\\\/image\\\/\"},\"sameAs\":[\"https:\\\/\\\/www.facebook.com\\\/mosslogistics\\\/\",\"https:\\\/\\\/www.instagram.com\\\/moss_logistics\\\/\",\"https:\\\/\\\/www.linkedin.com\\\/company\\\/5603862\\\/\",\"https:\\\/\\\/www.youtube.com\\\/channel\\\/UC8lW0gAYC3tTF0cM3SEIFrw?view_as=subscriber\"]}]}<\/script>\n<!-- \/ Yoast SEO plugin. -->","yoast_head_json":{"title":"MOSS people stories - MOSS logistics","robots":{"index":"index","follow":"follow","max-snippet":"max-snippet:-1","max-image-preview":"max-image-preview:large","max-video-preview":"max-video-preview:-1"},"canonical":"https:\/\/www.mosslogistics.cz\/en\/career\/stories-of-our-people\/","og_locale":"en_US","og_type":"article","og_title":"MOSS people stories - MOSS logistics","og_url":"https:\/\/www.mosslogistics.cz\/en\/career\/stories-of-our-people\/","og_site_name":"MOSS logistics","article_publisher":"https:\/\/www.facebook.com\/mosslogistics\/","article_modified_time":"2023-02-16T11:11:09+00:00","og_image":[{"width":1024,"height":683,"url":"https:\/\/www.mosslogistics.cz\/wp-content\/uploads\/2022\/07\/dfmo_2106.jpg","type":"image\/jpeg"}],"twitter_card":"summary_large_image","schema":{"@context":"https:\/\/schema.org","@graph":[{"@type":"WebPage","@id":"https:\/\/www.mosslogistics.cz\/en\/career\/stories-of-our-people\/","url":"https:\/\/www.mosslogistics.cz\/en\/career\/stories-of-our-people\/","name":"MOSS people stories - MOSS logistics","isPartOf":{"@id":"https:\/\/www.mosslogistics.cz\/#website"},"datePublished":"2018-10-19T02:00:41+00:00","dateModified":"2023-02-16T11:11:09+00:00","breadcrumb":{"@id":"https:\/\/www.mosslogistics.cz\/en\/career\/stories-of-our-people\/#breadcrumb"},"inLanguage":"en-US","potentialAction":[{"@type":"ReadAction","target":["https:\/\/www.mosslogistics.cz\/en\/career\/stories-of-our-people\/"]}]},{"@type":"BreadcrumbList","@id":"https:\/\/www.mosslogistics.cz\/en\/career\/stories-of-our-people\/#breadcrumb","itemListElement":[{"@type":"ListItem","position":1,"name":"Dom\u016f","item":"https:\/\/www.mosslogistics.cz\/en\/"},{"@type":"ListItem","position":2,"name":"Career","item":"https:\/\/www.mosslogistics.cz\/en\/career\/"},{"@type":"ListItem","position":3,"name":"MOSS people stories"}]},{"@type":"WebSite","@id":"https:\/\/www.mosslogistics.cz\/#website","url":"https:\/\/www.mosslogistics.cz\/","name":"MOSS logistics","description":"Mezin\u00e1rodn\u00ed kamionov\u00e1 doprava a skladov\u00e1n\u00ed","publisher":{"@id":"https:\/\/www.mosslogistics.cz\/#organization"},"potentialAction":[{"@type":"SearchAction","target":{"@type":"EntryPoint","urlTemplate":"https:\/\/www.mosslogistics.cz\/?s={search_term_string}"},"query-input":{"@type":"PropertyValueSpecification","valueRequired":true,"valueName":"search_term_string"}}],"inLanguage":"en-US"},{"@type":"Organization","@id":"https:\/\/www.mosslogistics.cz\/#organization","name":"MOSS logistics, s.r.o.","url":"https:\/\/www.mosslogistics.cz\/","logo":{"@type":"ImageObject","inLanguage":"en-US","@id":"https:\/\/www.mosslogistics.cz\/#\/schema\/logo\/image\/","url":"https:\/\/www.mosslogistics.cz\/wp-content\/uploads\/2018\/10\/logistics.gif","contentUrl":"https:\/\/www.mosslogistics.cz\/wp-content\/uploads\/2018\/10\/logistics.gif","width":174,"height":36,"caption":"MOSS logistics, s.r.o."},"image":{"@id":"https:\/\/www.mosslogistics.cz\/#\/schema\/logo\/image\/"},"sameAs":["https:\/\/www.facebook.com\/mosslogistics\/","https:\/\/www.instagram.com\/moss_logistics\/","https:\/\/www.linkedin.com\/company\/5603862\/","https:\/\/www.youtube.com\/channel\/UC8lW0gAYC3tTF0cM3SEIFrw?view_as=subscriber"]}]}},"_links":{"self":[{"href":"https:\/\/www.mosslogistics.cz\/en\/wp-json\/wp\/v2\/pages\/1984","targetHints":{"allow":["GET"]}}],"collection":[{"href":"https:\/\/www.mosslogistics.cz\/en\/wp-json\/wp\/v2\/pages"}],"about":[{"href":"https:\/\/www.mosslogistics.cz\/en\/wp-json\/wp\/v2\/types\/page"}],"author":[{"embeddable":true,"href":"https:\/\/www.mosslogistics.cz\/en\/wp-json\/wp\/v2\/users\/1"}],"replies":[{"embeddable":true,"href":"https:\/\/www.mosslogistics.cz\/en\/wp-json\/wp\/v2\/comments?post=1984"}],"version-history":[{"count":10,"href":"https:\/\/www.mosslogistics.cz\/en\/wp-json\/wp\/v2\/pages\/1984\/revisions"}],"predecessor-version":[{"id":4121,"href":"https:\/\/www.mosslogistics.cz\/en\/wp-json\/wp\/v2\/pages\/1984\/revisions\/4121"}],"up":[{"embeddable":true,"href":"https:\/\/www.mosslogistics.cz\/en\/wp-json\/wp\/v2\/pages\/1611"}],"wp:attachment":[{"href":"https:\/\/www.mosslogistics.cz\/en\/wp-json\/wp\/v2\/media?parent=1984"}],"curies":[{"name":"wp","href":"https:\/\/api.w.org\/{rel}","templated":true}]}}